{"id":458,"date":"2025-11-01T17:56:26","date_gmt":"2025-11-01T16:56:26","guid":{"rendered":"https:\/\/fardosmash.com\/?page_id=458"},"modified":"2025-11-01T18:18:59","modified_gmt":"2025-11-01T17:18:59","slug":"aviso-legal","status":"publish","type":"page","link":"https:\/\/fardosmash.com\/?page_id=458","title":{"rendered":"AVISO LEGAL"},"content":{"rendered":"\t\t<div data-elementor-type=\"wp-post\" data-elementor-id=\"458\" class=\"elementor elementor-458\" data-elementor-post-type=\"page\">\n\t\t\t\t<div class=\"elementor-element elementor-element-adb3882 e-flex e-con-boxed e-con e-parent\" data-id=\"adb3882\" data-element_type=\"container\" data-settings=\"{&quot;_ha_eqh_enable&quot;:false}\">\n\t\t\t\t\t<div class=\"e-con-inner\">\n\t\t\t\t<div class=\"elementor-element elementor-element-023258f elementor-widget elementor-widget-heading\" data-id=\"023258f\" data-element_type=\"widget\" data-widget_type=\"heading.default\">\n\t\t\t\t\t<h2 class=\"elementor-heading-title elementor-size-default\">AVISO LEGAL<\/h2>\t\t\t\t<\/div>\n\t\t\t\t<div class=\"elementor-element elementor-element-39db48b elementor-widget elementor-widget-text-editor\" data-id=\"39db48b\" data-element_type=\"widget\" data-widget_type=\"text-editor.default\">\n\t\t\t\t\t\t\t\t\t<p>Este <strong>Aviso Legal<\/strong> regula el uso del sitio web <a href=\"https:\/\/fardosmash.com\/\"><b>fardosmash.com<\/b><\/a>, propiedad de <strong>FARDO SMASH SL<\/strong>, con domicilio en <strong>Plaza del Doctor Gila 19, SEGOVIA 40001, Espa\u00f1a<\/strong>, y con correo electr\u00f3nico de contacto <strong>info@fardosmash.com<\/strong>.<\/p><h4><strong>1. Datos Identificativos<\/strong><\/h4><ul><li><strong>Titular del sitio<\/strong>: FARDO SMASH SL<\/li><li><strong>NIF\/CIF<\/strong>: B22826036<\/li><li><strong>Domicilio social<\/strong>: Plaza del Doctor Gila 19, SEGOVIA 40001, Espa\u00f1a<\/li><li><strong>Actividad<\/strong>: Hamburgueser\u00eda<\/li><li><strong>Registro Mercantil<\/strong>: Inscrita en el Registro Mercantil de Segovia el 31 de julio de 2025.<\/li><\/ul><h4><strong>2. Prop\u00f3sito del Sitio<\/strong><\/h4><p>Este sitio web est\u00e1 creada con un fin informativo de la hamburgueser\u00eda Fardo Smash Burger, as\u00ed como ofrecer la posibilidad de realizar pedidos, haciendo referencia a esto con enlaces externos.<\/p><h4><strong>3. Propiedad Intelectual e Industrial<\/strong><\/h4><p>Todo el contenido de este sitio (dise\u00f1os, textos, im\u00e1genes, logotipos, m\u00fasica, etc.) es propiedad de <strong>FARDO SMASH SL <\/strong>o de sus colaboradores, y est\u00e1 protegido por las leyes de propiedad intelectual. Queda prohibida su reproducci\u00f3n, distribuci\u00f3n o uso comercial sin autorizaci\u00f3n expresa.<\/p><h4><strong>4. Limitaci\u00f3n de Responsabilidad<\/strong><\/h4><p><strong>FARDO SMASH SL<\/strong> no se hace responsable de:<\/p><ul><li>Da\u00f1os o perjuicios derivados del uso incorrecto del sitio web.<\/li><li>Problemas t\u00e9cnicos, como interrupciones del servicio o errores en el contenido.<\/li><li>Enlaces externos a sitios de terceros, cuyas pol\u00edticas y contenidos no controlamos.<\/li><\/ul><h4><strong>5. Ley Aplicable y Jurisdicci\u00f3n<\/strong><\/h4><p>Este Aviso Legal se rige por la legislaci\u00f3n espa\u00f1ola. Cualquier disputa relacionada con este sitio se resolver\u00e1 en los tribunales competentes de <strong>Madrid<\/strong>.<\/p>\t\t\t\t\t\t\t\t<\/div>\n\t\t\t\t\t<\/div>\n\t\t\t\t<\/div>\n\t\t\t\t<\/div>\n\t\t","protected":false},"excerpt":{"rendered":"<p>AVISO LEGAL Este Aviso Legal regula el uso del sitio web fardosmash.com, propiedad de FARDO SMASH SL, con domicilio en Plaza del Doctor Gila 19, SEGOVIA 40001, Espa\u00f1a, y con correo electr\u00f3nico de contacto info@fardosmash.com. 1. Datos Identificativos Titular del sitio: FARDO SMASH SL NIF\/CIF: B22826036 Domicilio social: Plaza del Doctor Gila 19, SEGOVIA 40001, [&hellip;]<\/p>\n","protected":false},"author":1,"featured_media":0,"parent":0,"menu_order":0,"comment_status":"closed","ping_status":"closed","template":"elementor_header_footer","meta":{"footnotes":""},"class_list":["post-458","page","type-page","status-publish","hentry"],"yoast_head":"<!-- This site is optimized with the Yoast SEO plugin v26.3 - https:\/\/yoast.com\/wordpress\/plugins\/seo\/ -->\n<title>AVISO LEGAL - FARDO Smash Burger<\/title>\n<meta name=\"robots\" content=\"index, follow, max-snippet:-1, max-image-preview:large, max-video-preview:-1\" \/>\n<link rel=\"canonical\" href=\"https:\/\/fardosmash.com\/?page_id=458\" \/>\n<meta property=\"og:locale\" content=\"es_ES\" \/>\n<meta property=\"og:type\" content=\"article\" \/>\n<meta property=\"og:title\" content=\"AVISO LEGAL - FARDO Smash Burger\" \/>\n<meta property=\"og:description\" content=\"AVISO LEGAL Este Aviso Legal regula el uso del sitio web fardosmash.com, propiedad de FARDO SMASH SL, con domicilio en Plaza del Doctor Gila 19, SEGOVIA 40001, Espa\u00f1a, y con correo electr\u00f3nico de contacto info@fardosmash.com. 1. Datos Identificativos Titular del sitio: FARDO SMASH SL NIF\/CIF: B22826036 Domicilio social: Plaza del Doctor Gila 19, SEGOVIA 40001, [&hellip;]\" \/>\n<meta property=\"og:url\" content=\"https:\/\/fardosmash.com\/?page_id=458\" \/>\n<meta property=\"og:site_name\" content=\"FARDO Smash Burger\" \/>\n<meta property=\"article:modified_time\" content=\"2025-11-01T17:18:59+00:00\" \/>\n<meta name=\"twitter:card\" content=\"summary_large_image\" \/>\n<meta name=\"twitter:label1\" content=\"Tiempo de lectura\" \/>\n\t<meta name=\"twitter:data1\" content=\"1 minuto\" \/>\n<script type=\"application\/ld+json\" class=\"yoast-schema-graph\">{\"@context\":\"https:\/\/schema.org\",\"@graph\":[{\"@type\":\"WebPage\",\"@id\":\"https:\/\/fardosmash.com\/?page_id=458\",\"url\":\"https:\/\/fardosmash.com\/?page_id=458\",\"name\":\"AVISO LEGAL - FARDO Smash Burger\",\"isPartOf\":{\"@id\":\"https:\/\/fardosmash.com\/#website\"},\"datePublished\":\"2025-11-01T16:56:26+00:00\",\"dateModified\":\"2025-11-01T17:18:59+00:00\",\"breadcrumb\":{\"@id\":\"https:\/\/fardosmash.com\/?page_id=458#breadcrumb\"},\"inLanguage\":\"es\",\"potentialAction\":[{\"@type\":\"ReadAction\",\"target\":[\"https:\/\/fardosmash.com\/?page_id=458\"]}]},{\"@type\":\"BreadcrumbList\",\"@id\":\"https:\/\/fardosmash.com\/?page_id=458#breadcrumb\",\"itemListElement\":[{\"@type\":\"ListItem\",\"position\":1,\"name\":\"Portada\",\"item\":\"https:\/\/fardosmash.com\/\"},{\"@type\":\"ListItem\",\"position\":2,\"name\":\"AVISO LEGAL\"}]},{\"@type\":\"WebSite\",\"@id\":\"https:\/\/fardosmash.com\/#website\",\"url\":\"https:\/\/fardosmash.com\/\",\"name\":\"FARDO Smash Burger\",\"description\":\"SIMPLE. MEJOR. Porque no hace falta m\u00e1s.\",\"publisher\":{\"@id\":\"https:\/\/fardosmash.com\/#organization\"},\"potentialAction\":[{\"@type\":\"SearchAction\",\"target\":{\"@type\":\"EntryPoint\",\"urlTemplate\":\"https:\/\/fardosmash.com\/?s={search_term_string}\"},\"query-input\":{\"@type\":\"PropertyValueSpecification\",\"valueRequired\":true,\"valueName\":\"search_term_string\"}}],\"inLanguage\":\"es\"},{\"@type\":\"Organization\",\"@id\":\"https:\/\/fardosmash.com\/#organization\",\"name\":\"FARDO Smash Burger\",\"url\":\"https:\/\/fardosmash.com\/\",\"logo\":{\"@type\":\"ImageObject\",\"inLanguage\":\"es\",\"@id\":\"https:\/\/fardosmash.com\/#\/schema\/logo\/image\/\",\"url\":\"https:\/\/fardosmash.com\/wp-content\/uploads\/2025\/10\/LOGO_FARDO_BLANCO.webp\",\"contentUrl\":\"https:\/\/fardosmash.com\/wp-content\/uploads\/2025\/10\/LOGO_FARDO_BLANCO.webp\",\"width\":730,\"height\":322,\"caption\":\"FARDO Smash Burger\"},\"image\":{\"@id\":\"https:\/\/fardosmash.com\/#\/schema\/logo\/image\/\"}}]}<\/script>\n<!-- \/ Yoast SEO plugin. -->","yoast_head_json":{"title":"AVISO LEGAL - FARDO Smash Burger","robots":{"index":"index","follow":"follow","max-snippet":"max-snippet:-1","max-image-preview":"max-image-preview:large","max-video-preview":"max-video-preview:-1"},"canonical":"https:\/\/fardosmash.com\/?page_id=458","og_locale":"es_ES","og_type":"article","og_title":"AVISO LEGAL - FARDO Smash Burger","og_description":"AVISO LEGAL Este Aviso Legal regula el uso del sitio web fardosmash.com, propiedad de FARDO SMASH SL, con domicilio en Plaza del Doctor Gila 19, SEGOVIA 40001, Espa\u00f1a, y con correo electr\u00f3nico de contacto info@fardosmash.com. 1. Datos Identificativos Titular del sitio: FARDO SMASH SL NIF\/CIF: B22826036 Domicilio social: Plaza del Doctor Gila 19, SEGOVIA 40001, [&hellip;]","og_url":"https:\/\/fardosmash.com\/?page_id=458","og_site_name":"FARDO Smash Burger","article_modified_time":"2025-11-01T17:18:59+00:00","twitter_card":"summary_large_image","twitter_misc":{"Tiempo de lectura":"1 minuto"},"schema":{"@context":"https:\/\/schema.org","@graph":[{"@type":"WebPage","@id":"https:\/\/fardosmash.com\/?page_id=458","url":"https:\/\/fardosmash.com\/?page_id=458","name":"AVISO LEGAL - FARDO Smash Burger","isPartOf":{"@id":"https:\/\/fardosmash.com\/#website"},"datePublished":"2025-11-01T16:56:26+00:00","dateModified":"2025-11-01T17:18:59+00:00","breadcrumb":{"@id":"https:\/\/fardosmash.com\/?page_id=458#breadcrumb"},"inLanguage":"es","potentialAction":[{"@type":"ReadAction","target":["https:\/\/fardosmash.com\/?page_id=458"]}]},{"@type":"BreadcrumbList","@id":"https:\/\/fardosmash.com\/?page_id=458#breadcrumb","itemListElement":[{"@type":"ListItem","position":1,"name":"Portada","item":"https:\/\/fardosmash.com\/"},{"@type":"ListItem","position":2,"name":"AVISO LEGAL"}]},{"@type":"WebSite","@id":"https:\/\/fardosmash.com\/#website","url":"https:\/\/fardosmash.com\/","name":"FARDO Smash Burger","description":"SIMPLE. MEJOR. Porque no hace falta m\u00e1s.","publisher":{"@id":"https:\/\/fardosmash.com\/#organization"},"potentialAction":[{"@type":"SearchAction","target":{"@type":"EntryPoint","urlTemplate":"https:\/\/fardosmash.com\/?s={search_term_string}"},"query-input":{"@type":"PropertyValueSpecification","valueRequired":true,"valueName":"search_term_string"}}],"inLanguage":"es"},{"@type":"Organization","@id":"https:\/\/fardosmash.com\/#organization","name":"FARDO Smash Burger","url":"https:\/\/fardosmash.com\/","logo":{"@type":"ImageObject","inLanguage":"es","@id":"https:\/\/fardosmash.com\/#\/schema\/logo\/image\/","url":"https:\/\/fardosmash.com\/wp-content\/uploads\/2025\/10\/LOGO_FARDO_BLANCO.webp","contentUrl":"https:\/\/fardosmash.com\/wp-content\/uploads\/2025\/10\/LOGO_FARDO_BLANCO.webp","width":730,"height":322,"caption":"FARDO Smash Burger"},"image":{"@id":"https:\/\/fardosmash.com\/#\/schema\/logo\/image\/"}}]}},"_links":{"self":[{"href":"https:\/\/fardosmash.com\/index.php?rest_route=\/wp\/v2\/pages\/458","targetHints":{"allow":["GET"]}}],"collection":[{"href":"https:\/\/fardosmash.com\/index.php?rest_route=\/wp\/v2\/pages"}],"about":[{"href":"https:\/\/fardosmash.com\/index.php?rest_route=\/wp\/v2\/types\/page"}],"author":[{"embeddable":true,"href":"https:\/\/fardosmash.com\/index.php?rest_route=\/wp\/v2\/users\/1"}],"replies":[{"embeddable":true,"href":"https:\/\/fardosmash.com\/index.php?rest_route=%2Fwp%2Fv2%2Fcomments&post=458"}],"version-history":[{"count":22,"href":"https:\/\/fardosmash.com\/index.php?rest_route=\/wp\/v2\/pages\/458\/revisions"}],"predecessor-version":[{"id":481,"href":"https:\/\/fardosmash.com\/index.php?rest_route=\/wp\/v2\/pages\/458\/revisions\/481"}],"wp:attachment":[{"href":"https:\/\/fardosmash.com\/index.php?rest_route=%2Fwp%2Fv2%2Fmedia&parent=458"}],"curies":[{"name":"wp","href":"https:\/\/api.w.org\/{rel}","templated":true}]}}